{"id":32,"date":"2021-08-12T20:10:00","date_gmt":"2021-08-12T18:10:00","guid":{"rendered":"https:\/\/vilalampasik.sk\/?page_id=32"},"modified":"2022-10-13T11:04:20","modified_gmt":"2022-10-13T09:04:20","slug":"wellnes","status":"publish","type":"page","link":"https:\/\/vilalampasik.sk\/?page_id=32","title":{"rendered":"Wellness"},"content":{"rendered":"<p><\/p>\n<p style=\"text-align: left;\"><strong>Doprajte si oddych v dokonalom interi\u00e9rovom a exteri\u00e9rovom wellnesse<\/strong><\/p>\n<hr \/>\n<p style=\"text-align: left;\">Vyu\u017eite f\u00ednsku a\u00a0infra saunu v\u00a0interi\u00e9ri, \u010di Bio f\u00ednsku saunu vo vonkaj\u0161om dom\u010deku. K\u00a0saun\u00e1m je k\u00a0dispoz\u00edcii ochladzovacia ka\u010fa pre lep\u0161\u00ed \u00fa\u010dinok, pre menej odv\u00e1\u017enych vedro so sprchou s\u00fa samozrejmos\u0165ou. V\u00edrivka vo vonkaj\u0161om prostred\u00ed so strechou je azda najlep\u0161\u00edm relaxom.<\/p>\t\t\n\t\t\t\t\t\t\t\t<a data-elementor-open-lightbox=\"yes\" data-elementor-lightbox-slideshow=\"0e76883\" data-elementor-lightbox-title=\"9\" href=\"http:\/\/vilalampasik.sk\/wp-content\/uploads\/2022\/01\/9-scaled.jpg\"><figure><img decoding=\"async\" src=\"http:\/\/vilalampasik.sk\/wp-content\/uploads\/2022\/01\/9-768x512.jpg\" alt=\"9\" \/><\/figure><\/a><a data-elementor-open-lightbox=\"yes\" data-elementor-lightbox-slideshow=\"0e76883\" data-elementor-lightbox-title=\"11\" href=\"http:\/\/vilalampasik.sk\/wp-content\/uploads\/2022\/01\/11-scaled.jpg\"><figure><img decoding=\"async\" src=\"http:\/\/vilalampasik.sk\/wp-content\/uploads\/2022\/01\/11-768x512.jpg\" alt=\"11\" \/><\/figure><\/a><a data-elementor-open-lightbox=\"yes\" data-elementor-lightbox-slideshow=\"0e76883\" data-elementor-lightbox-title=\"10\" href=\"http:\/\/vilalampasik.sk\/wp-content\/uploads\/2022\/01\/10-scaled.jpg\"><figure><img decoding=\"async\" src=\"http:\/\/vilalampasik.sk\/wp-content\/uploads\/2022\/01\/10-768x512.jpg\" alt=\"10\" \/><\/figure><\/a><a data-elementor-open-lightbox=\"yes\" data-elementor-lightbox-slideshow=\"0e76883\" data-elementor-lightbox-title=\"13\" href=\"http:\/\/vilalampasik.sk\/wp-content\/uploads\/2022\/01\/13-scaled.jpg\"><figure><img decoding=\"async\" src=\"http:\/\/vilalampasik.sk\/wp-content\/uploads\/2022\/01\/13-768x512.jpg\" alt=\"13\" \/><\/figure><\/a><a data-elementor-open-lightbox=\"yes\" data-elementor-lightbox-slideshow=\"0e76883\" data-elementor-lightbox-title=\"Sauna\" href=\"http:\/\/vilalampasik.sk\/wp-content\/uploads\/2021\/08\/DSC_1298-scaled.jpg\"><figure><img decoding=\"async\" src=\"http:\/\/vilalampasik.sk\/wp-content\/uploads\/2021\/08\/DSC_1298-768x513.jpg\" alt=\"Sauna\" \/><\/figure><\/a><a data-elementor-open-lightbox=\"yes\" data-elementor-lightbox-slideshow=\"0e76883\" data-elementor-lightbox-title=\"10\" href=\"http:\/\/vilalampasik.sk\/wp-content\/uploads\/2022\/10\/10-scaled.jpg\"><figure><img decoding=\"async\" src=\"http:\/\/vilalampasik.sk\/wp-content\/uploads\/2022\/10\/10-768x512.jpg\" alt=\"10\" \/><\/figure><\/a><a data-elementor-open-lightbox=\"yes\" data-elementor-lightbox-slideshow=\"0e76883\" data-elementor-lightbox-title=\"24\" href=\"http:\/\/vilalampasik.sk\/wp-content\/uploads\/2022\/01\/24-scaled.jpg\"><figure><img decoding=\"async\" src=\"http:\/\/vilalampasik.sk\/wp-content\/uploads\/2022\/01\/24-768x512.jpg\" alt=\"24\" \/><\/figure><\/a>\t\t\t\n\t\t\t\t\t\tPredo\u0161l\u00e9\n\t\t\t\t\t\t\u010eal\u0161ie","protected":false},"excerpt":{"rendered":"<p>Doprajte si oddych v dokonalom interi\u00e9rovom a exteri\u00e9rovom wellnesse Vyu\u017eite f\u00ednsku a\u00a0infra saunu v\u00a0interi\u00e9ri, \u010di Bio f\u00ednsku saunu vo vonkaj\u0161om dom\u010deku. K\u00a0saun\u00e1m je k\u00a0dispoz\u00edcii ochladzovacia ka\u010fa pre lep\u0161\u00ed \u00fa\u010dinok, pre menej odv\u00e1\u017enych vedro so sprchou s\u00fa samozrejmos\u0165ou. V\u00edrivka vo vonkaj\u0161om prostred\u00ed so strechou je azda najlep\u0161\u00edm relaxom. Predo\u0161l\u00e9 \u010eal\u0161ie<\/p>\n","protected":false},"author":1,"featured_media":0,"parent":0,"menu_order":4,"comment_status":"closed","ping_status":"closed","template":"","meta":{"footnotes":""},"class_list":["post-32","page","type-page","status-publish","hentry"],"_links":{"self":[{"href":"https:\/\/vilalampasik.sk\/index.php?rest_route=\/wp\/v2\/pages\/32"}],"collection":[{"href":"https:\/\/vilalampasik.sk\/index.php?rest_route=\/wp\/v2\/pages"}],"about":[{"href":"https:\/\/vilalampasik.sk\/index.php?rest_route=\/wp\/v2\/types\/page"}],"author":[{"embeddable":true,"href":"https:\/\/vilalampasik.sk\/index.php?rest_route=\/wp\/v2\/users\/1"}],"replies":[{"embeddable":true,"href":"https:\/\/vilalampasik.sk\/index.php?rest_route=%2Fwp%2Fv2%2Fcomments&post=32"}],"version-history":[{"count":121,"href":"https:\/\/vilalampasik.sk\/index.php?rest_route=\/wp\/v2\/pages\/32\/revisions"}],"predecessor-version":[{"id":1790,"href":"https:\/\/vilalampasik.sk\/index.php?rest_route=\/wp\/v2\/pages\/32\/revisions\/1790"}],"wp:attachment":[{"href":"https:\/\/vilalampasik.sk\/index.php?rest_route=%2Fwp%2Fv2%2Fmedia&parent=32"}],"curies":[{"name":"wp","href":"https:\/\/api.w.org\/{rel}","templated":true}]}}