{"id":289,"date":"2021-08-21T13:35:52","date_gmt":"2021-08-21T11:35:52","guid":{"rendered":"https:\/\/vilalampasik.sk\/?page_id=289"},"modified":"2022-10-05T07:29:44","modified_gmt":"2022-10-05T05:29:44","slug":"vseobecne-obchodne-podmienky","status":"publish","type":"page","link":"https:\/\/vilalampasik.sk\/?page_id=289","title":{"rendered":"VOP"},"content":{"rendered":"<\/p>\n<p style=\"text-align: left;\"><b>Wellnes, fitness a cigarov\u00fd sal\u00f3nik<\/b><\/p>\n<hr \/>\n<p style=\"text-align: left;\">Pred pou\u017eit\u00edm v\u00edrivky odstr\u00e1\u0148te kryt, ktor\u00fd jednoducho zlo\u017e\u00edte a opriete o zadn\u00fa \u010das\u0165 pr\u00edstre\u0161ku. Po pou\u017eit\u00ed v\u00edrivky je nutn\u00e9 kryt op\u00e4\u0165 vr\u00e1ti\u0165 sp\u00e4\u0165, pred\u00eddete t\u00fdm ochladeniu vody. V\u00edrivka je prednastaven\u00e1 a plne automatick\u00e1 a \u017eiadame V\u00e1s na ovl\u00e1da\u010di pou\u017e\u00edva\u0165 v\u00fdlu\u010dne tla\u010didlo zapnutia trysiek a svetla. V skrini pri v\u00edrivkesa nach\u00e1dzaj\u00fa plastov\u00e9 poh\u00e1re a vn\u00fatri v okol\u00ed v\u00edrivky je zak\u00e1zan\u00e9 pou\u017e\u00edva\u0165 ak\u00e9ko\u013evek in\u00e9 sklenen\u00e9 poh\u00e1re alebo predmety. Pri v\u00fdraznom zne\u010disten\u00ed alebo n\u00e1jden\u00ed skla vo v\u00edrivke je potrebn\u00e1 v\u00fdmena cel\u00e9ho filtra\u010dn\u00e9ho syst\u00e9mu v sume vo v\u00fd\u0161ke 500 ,- EUR.<\/p>\n<p style=\"text-align: left;\">Vyhriatie s\u00e1un je automaticky nastaven\u00e9 na teploty &#8211; infra sauna 50\u00b0C a f\u00ednska sauna 100\u00b0C.<\/p>\n<p style=\"text-align: left;\">Po ka\u017edom pou\u017eit\u00ed sauny V\u00e1s \u017eiadame o ponechanie otvoren\u00fdch dver\u00ed, aby sa predi\u0161lo zatuchnutiu sauny a znepr\u00edjemneniu V\u00e1\u0161ho pobytu. Pred zapnut\u00edm infra sauny lebo f\u00ednskej sauny pros\u00edm nahliadnite do pr\u00edlohy tohto manu\u00e1lu. Pou\u017e\u00edvanie wellnes je na vlastn\u00fa zodpovednos\u0165 s prihliadnut\u00edm na svoj zdravotn\u00fd stav.<\/p>\n<p style=\"text-align: left;\">Oddychov\u00e1 miestnos\u0165 a suny s\u00fa vybaven\u00e9 zvukov\u00fdm syst\u00e9mom. Ovl\u00e1da\u010d zvukov\u00e9ho syst\u00e9mu je ulo\u017een\u00fd pri vstupe do oddychovej miestnosti oproti saunov\u00fdm dver\u00e1m.<\/p>\n<p style=\"text-align: left;\">Syst\u00e9m spust\u00edte stla\u010den\u00edm tla\u010didla &#8222;play&#8220;.<\/p>\n<p style=\"text-align: left;\">V\u00fdslovne \u017eiadame host\u00ed, aby nestl\u00e1\u010dali ostatn\u00e9 tla\u010didl\u00e1 ovl\u00e1da\u010da z d\u00f4vodu jeho mo\u017en\u00e9ho rozladenia. \u010eakujeme. V oddychovej miestnosti sa nach\u00e1dza aj elektrick\u00fd bio krb s ovl\u00e1da\u010dom. Tneto krb sl\u00fa\u017ei na vytvorenie pr\u00edjemnej tmosf\u00e9ry a oddychov\u00fa miestnos\u0165 nevykuruje.<\/p>\n<p style=\"text-align: left;\">Vo fitness miestnosti je umiestnen\u00fd be\u017eiaci p\u00e1s (hmotnos\u0165 do 100 kg) a lavi\u010dka s \u010dinkami. Pred pou\u017eit\u00edm be\u017eiaceho p\u00e1su pros\u00edm nahliadnite do pr\u00edlohy tohto manu\u00e1lu. Pou\u017e\u00edvanie fitness je na vlastnu zodpovednos\u0165.<\/p>\n<p style=\"text-align: left;\">V exteri\u00e9ri objektu je umiestnen\u00e1 bio sauna, ktor\u00e1 je ur\u010den\u00e1 na pou\u017eitie obay\u010dajn\u00fdm zap\u00e1len\u00edm zapa\u013eova\u010da. Pri ka\u017edm pou\u017eit\u00ed je potrebn\u00e9 do pec\u00ed priklada\u0165 tak, aby pri odchode poslednej osoby pec u\u017e nehorela.<\/p>\n<p style=\"text-align: left;\">Vo vonkaj\u0161ej \u010dasti sa nach\u00e1dza presklen\u00fd vyhrievan\u00fd cigarov\u00fd sal\u00f3nik, kde je pri vstupe dvojvyp\u00edna\u010d. \u013davou \u010das\u0165ou vyp\u00edna\u010da za\u017e\u00ednate svetlo a pravou \u010das\u0165ou zapnete ohrieva\u010de reaguj\u00face na pohyb a maj\u00fa nastaven\u00fd ohrev na 30 min\u00fat. Pri odchode poslednej osoby V\u00e1s pros\u00edme o zhasnutie svetla aj ohrieva\u010dov. \u010eakujeme.<\/p>\n<p style=\"text-align: left;\">\u00a0<\/p><p><\/p>\n<p style=\"text-align: left;\"><b>Spolo\u010densk\u00e1 miestnos\u0165, kuchy\u0148a a izby<\/b><\/p>\n<hr \/>\n<p style=\"text-align: left;\">V spolo\u010denskej miestnosti sa nach\u00e1dza krb. Je mo\u017en\u00e9 ho u\u017e\u00edva\u0165 pri spr\u00e1vnom a bezpe\u010dnom zaobch\u00e1dzan\u00ed. Podpala\u010de a zapa\u013eova\u010d s\u00fa umiestnen\u00e9 pri krbovej r\u00edmse.<\/p>\n<p style=\"text-align: left;\">Pri ka\u017edom pou\u017eit\u00ed je potrebn\u00e9 do krbu priklada\u0165 tak, aby pri odchode poslednej osoby na izbu krb u\u017e nehorel.<\/p>\n<p style=\"text-align: left;\">V spolo\u010denskej miestnosti pod TV s\u00fa v komode ulo\u017een\u00e9 spolo\u010densk\u00e9 hry, hry na PS5 spolu s tromi ovl\u00e1da\u010dmi. Playstation 5 je umiestnen\u00e1 spolu s n\u00e1vodom na pou\u017eitie priamo na komode. Pred pou\u017eit\u00edm si pros\u00edm tento n\u00e1vod na pou\u017eitie pre\u010d\u00edtajte.<\/p>\n<p style=\"text-align: left;\">Kuchy\u0148a je vybaven\u00e1 modern\u00fdmi vstavan\u00fdmi spotrebi\u010dmi (chladni\u010dka, um\u00fdva\u010dka riadu, elektrick\u00e1 r\u00fara, mikrovlnka a induk\u010dn\u00e1 doska). N\u00e1vody na pou\u017eitie spotrebi\u010dov s\u00fa ulo\u017een\u00e9 v \u0161upl\u00edku pod induk\u010dnou doskou a pri manipul\u00e1cii s nimi V\u00e1s \u017eiadame o ich \u010fal\u0161ie pre\u0161tudovanie, aby sa predi\u0161lo ich po\u0161kodeniu.<\/p>\n<p style=\"text-align: left;\">V ka\u017edej izbe na poschod\u00ed a v spolo\u010denskej miestnosti sa nach\u00e1dza telev\u00edzor. V\u0161etky telev\u00edzory maj\u00fa prednastaven\u00e9 programy. Dovo\u013eujeme si po\u017eiada\u0165 host\u00ed o ponechanie existuj\u00facich nastaven\u00ed. V izb\u00e1ch \u010d\u00edslo 2, 8 a v spolo\u010denskej miestnosti je zabudovan\u00e1 Skylink karta, \u010di\u017ee maj\u00fa TV len jeden ovl\u00e1da\u010d. V t\u00fdchto izb\u00e1ch s\u00fa TV vybaven\u00e9 mo\u017enos\u0165ou pozerania Netflix a Youtube.<\/p>\n<p style=\"text-align: left;\">Pri vstupe do izby \u010d. 8 sa nach\u00e1dza rozvodov\u0148a, ktorej sa pros\u00edm nedot\u00fdkajte. Pri akejko\u013evek manipul\u00e1cii bude privolan\u00fd servis a v\u0161etky poplatky hrad\u00ed hos\u0165 zodpovedn\u00fd za rezerv\u00e1ciu.<\/p>\n<p style=\"text-align: left;\">V celom objekte plat\u00ed v interi\u00e9r pr\u00edsny z\u00e1kaz faj\u010denia. Na faj\u010denie pros\u00edm pou\u017eite cigarov sal\u00f3nik a terasu.<\/p>\n<p style=\"text-align: left;\">V alt\u00e1nku sa nach\u00e1dza \u0161amotov\u00e1 pec, ktor\u00e1 sa v spodnej \u010dasti zapa\u013euje drevom (ulo\u017een\u00fdm pod \u0148ou) a treba ju zahrieva\u0165 postupne. Pri z\u00e1ujme je mo\u017enos\u0165 varenia gul\u00e1\u0161u, pr\u00edpadne inej polievky v kotl\u00edku. Pros\u00edm V\u00e1s o pou\u017e\u00edvanie vyhraden\u00e9ho miesta na varenie. V alt\u00e1nku sa takisto nach\u00e1dzaj\u00fa aj pek\u00e1\u010de ur\u010den\u00e9 na pec, pr\u00edbory, taniere a poh\u00e1re. Pros\u00edm nepou\u017e\u00edva\u0165 tie z kuchyne. Pokia\u013e nepl\u00e1nujete grilova\u0165 viac kr\u00e1t, \u0161pinav\u00e9 riady V\u00e1s popros\u00edme necha\u0165 v alt\u00e1nku alebo v um\u00fdvadle.<\/p>\n<p style=\"text-align: left;\">Pri vstupoch do cigarov\u00e9ho sal\u00f3niku, wellness, kuchyne a fitness sa nach\u00e1dzaj\u00fa sklenen\u00e9 dvere. Berte pros\u00edm na to oh\u013ead pri manipul\u00e1ci\u00ed.<\/p>\n<p style=\"text-align: left;\">V\u00e1\u017een\u00ed hostia, chceme V\u00e1s informova\u0165, \u017ee objekt je vybaven\u00fd bezpe\u010dnostn\u00fdm a kamerov\u00fdm syst\u00e9mom, ktor\u00fd sl\u00fa\u017ei v\u00fdlu\u010dne pre Va\u0161e bezpe\u010die a v pr\u00edpade po\u0161kodenia majetku<\/p>\n<p style=\"text-align: left;\">V prednej \u010dasti na parkovisku sa nach\u00e1dzaj\u00fa kontajneri. Pokia\u013e vyprodukujete viac odpadu, pros\u00edme V\u00e1s vyhodi\u0165 ho na miesto na\u0148 ur\u010den\u00e9, aby nebol odpad niekde vo\u013ene pohoden\u00fd kv\u00f4li div\u00edm zvierat\u00e1m. Ak ho je menej, samozrejme ho odpraceme my.\u00a0<\/p>\n<p style=\"text-align: left;\">V\u00e1\u017een\u00ed hostia, berte pros\u00edm na vedomie, \u017ee pri extr\u00e9mnom zne\u010disten\u00ed n\u00e1bytku a vily, V\u00e1m budeme \u00fa\u010dtova\u0165 poplatok a\u017e do v\u00fd\u0161ky 500 \u20ac.<\/p><p><\/p>\n<p style=\"text-align: left;\"><b>Wellnes, fitness a cigarov\u00fd sal\u00f3nik<\/b><\/p>\n<hr \/>\n<p style=\"text-align: left;\">Pred pou\u017eit\u00edm v\u00edrivky odstr\u00e1\u0148te kryt, ktor\u00fd jednoducho zlo\u017e\u00edte a opriete o zadn\u00fa \u010das\u0165 pr\u00edstre\u0161ku. Po pou\u017eit\u00ed v\u00edrivky je nutn\u00e9 kryt op\u00e4\u0165 vr\u00e1ti\u0165 sp\u00e4\u0165, pred\u00eddete t\u00fdm ochladeniu vody. V\u00edrivka je prednastaven\u00e1 a plne automatick\u00e1 a \u017eiadame V\u00e1s na ovl\u00e1da\u010di pou\u017e\u00edva\u0165 v\u00fdlu\u010dne tla\u010didlo zapnutia trysiek a svetla. V skrini pri v\u00edrivkesa nach\u00e1dzaj\u00fa plastov\u00e9 poh\u00e1re a vn\u00fatri v okol\u00ed v\u00edrivky je zak\u00e1zan\u00e9 pou\u017e\u00edva\u0165 ak\u00e9ko\u013evek in\u00e9 sklenen\u00e9 poh\u00e1re alebo predmety. Pri v\u00fdraznom zne\u010disten\u00ed alebo n\u00e1jden\u00ed skla vo v\u00edrivke je potrebn\u00e1 v\u00fdmena cel\u00e9ho filtra\u010dn\u00e9ho syst\u00e9mu v sume vo v\u00fd\u0161ke 500 ,- EUR.<\/p>\n<p style=\"text-align: left;\">Vyhriatie s\u00e1un je automaticky nastaven\u00e9 na teploty &#8211; infra sauna 50\u00b0C a f\u00ednska sauna 100\u00b0C.<\/p>\n<p style=\"text-align: left;\">Po ka\u017edom pou\u017eit\u00ed sauny V\u00e1s \u017eiadame o ponechanie otvoren\u00fdch dver\u00ed, aby sa predi\u0161lo zatuchnutiu sauny a znepr\u00edjemneniu V\u00e1\u0161ho pobytu. Pred zapnut\u00edm infra sauny lebo f\u00ednskej sauny pros\u00edm nahliadnite do pr\u00edlohy tohto manu\u00e1lu. Pou\u017e\u00edvanie wellnes je na vlastn\u00fa zodpovednos\u0165 s prihliadnut\u00edm na svoj zdravotn\u00fd stav.<\/p>\n<p style=\"text-align: left;\">Oddychov\u00e1 miestnos\u0165 a suny s\u00fa vybaven\u00e9 zvukov\u00fdm syst\u00e9mom. Ovl\u00e1da\u010d zvukov\u00e9ho syst\u00e9mu je ulo\u017een\u00fd pri vstupe do oddychovej miestnosti oproti saunov\u00fdm dver\u00e1m.<\/p>\n<p style=\"text-align: left;\">Syst\u00e9m spust\u00edte stla\u010den\u00edm tla\u010didla &#8222;play&#8220;.<\/p>\n<p style=\"text-align: left;\">V\u00fdslovne \u017eiadame host\u00ed, aby nestl\u00e1\u010dali ostatn\u00e9 tla\u010didl\u00e1 ovl\u00e1da\u010da z d\u00f4vodu jeho mo\u017en\u00e9ho rozladenia. \u010eakujeme. V oddychovej miestnosti sa nach\u00e1dza aj elektrick\u00fd bio krb s ovl\u00e1da\u010dom. Tneto krb sl\u00fa\u017ei na vytvorenie pr\u00edjemnej tmosf\u00e9ry a oddychov\u00fa miestnos\u0165 nevykuruje.<\/p>\n<p style=\"text-align: left;\">Vo fitness miestnosti je umiestnen\u00fd be\u017eiaci p\u00e1s (hmotnos\u0165 do 100 kg) a lavi\u010dka s \u010dinkami. Pred pou\u017eit\u00edm be\u017eiaceho p\u00e1su pros\u00edm nahliadnite do pr\u00edlohy tohto manu\u00e1lu. Pou\u017e\u00edvanie fitness je na vlastnu zodpovednos\u0165.<\/p>\n<p style=\"text-align: left;\">V exteri\u00e9ri objektu je umiestnen\u00e1 bio sauna, ktor\u00e1 je ur\u010den\u00e1 na pou\u017eitie obay\u010dajn\u00fdm zap\u00e1len\u00edm zapa\u013eova\u010da. Pri ka\u017edm pou\u017eit\u00ed je potrebn\u00e9 do pec\u00ed priklada\u0165 tak, aby pri odchode poslednej osoby pec u\u017e nehorela.<\/p>\n<p style=\"text-align: left;\">Vo vonkaj\u0161ej \u010dasti sa nach\u00e1dza presklen\u00fd vyhrievan\u00fd cigarov\u00fd sal\u00f3nik, kde je pri vstupe dvojvyp\u00edna\u010d. \u013davou \u010das\u0165ou vyp\u00edna\u010da za\u017e\u00ednate svetlo a pravou \u010das\u0165ou zapnete ohrieva\u010de reaguj\u00face na pohyb a maj\u00fa nastaven\u00fd ohrev na 30 min\u00fat. Pri odchode poslednej osoby V\u00e1s pros\u00edme o zhasnutie svetla aj ohrieva\u010dov. \u010eakujeme.<\/p>\n<p style=\"text-align: left;\">\u00a0<\/p><p><!-- wp:paragraph {\"backgroundColor\":\"white\",\"textColor\":\"black\",\"fontSize\":\"20px\"} --><\/p>\n<p style=\"text-align: left;\"><b>Spolo\u010densk\u00e1 miestnos\u0165, kuchy\u0148a a izby<\/b><\/p>\n<hr \/>\n<p style=\"text-align: left;\">V spolo\u010denskej miestnosti sa nach\u00e1dza krb. Je mo\u017en\u00e9 ho u\u017e\u00edva\u0165 pri spr\u00e1vnom a bezpe\u010dnom zaobch\u00e1dzan\u00ed. Podpala\u010de a zapa\u013eova\u010d s\u00fa umiestnen\u00e9 pri krbovej r\u00edmse.<\/p>\n<p style=\"text-align: left;\">Pri ka\u017edom pou\u017eit\u00ed je potrebn\u00e9 do krbu priklada\u0165 tak, aby pri odchode poslednej osoby na izbu krb u\u017e nehorel.<\/p>\n<p style=\"text-align: left;\">V spolo\u010denskej miestnosti pod TV s\u00fa v komode ulo\u017een\u00e9 spolo\u010densk\u00e9 hry, hry na PS5 spolu s tromi ovl\u00e1da\u010dmi. Playstation 5 je umiestnen\u00e1 spolu s n\u00e1vodom na pou\u017eitie priamo na komode. Pred pou\u017eit\u00edm si pros\u00edm tento n\u00e1vod na pou\u017eitie pre\u010d\u00edtajte.<\/p>\n<p style=\"text-align: left;\">Kuchy\u0148a je vybaven\u00e1 modern\u00fdmi vstavan\u00fdmi spotrebi\u010dmi (chladni\u010dka, um\u00fdva\u010dka riadu, elektrick\u00e1 r\u00fara, mikrovlnka a induk\u010dn\u00e1 doska). N\u00e1vody na pou\u017eitie spotrebi\u010dov s\u00fa ulo\u017een\u00e9 v \u0161upl\u00edku pod induk\u010dnou doskou a pri manipul\u00e1cii s nimi V\u00e1s \u017eiadame o ich \u010fal\u0161ie pre\u0161tudovanie, aby sa predi\u0161lo ich po\u0161kodeniu.<\/p>\n<p style=\"text-align: left;\">V ka\u017edej izbe na poschod\u00ed a v spolo\u010denskej miestnosti sa nach\u00e1dza telev\u00edzor. V\u0161etky telev\u00edzory maj\u00fa prednastaven\u00e9 programy. Dovo\u013eujeme si po\u017eiada\u0165 host\u00ed o ponechanie existuj\u00facich nastaven\u00ed. V izb\u00e1ch \u010d\u00edslo 2, 8 a v spolo\u010denskej miestnosti je zabudovan\u00e1 Skylink karta, \u010di\u017ee maj\u00fa TV len jeden ovl\u00e1da\u010d. V t\u00fdchto izb\u00e1ch s\u00fa TV vybaven\u00e9 mo\u017enos\u0165ou pozerania Netflix a Youtube.<\/p>\n<p style=\"text-align: left;\">Pri vstupe do izby \u010d. 8 sa nach\u00e1dza rozvodov\u0148a, ktorej sa pros\u00edm nedot\u00fdkajte. Pri akejko\u013evek manipul\u00e1cii bude privolan\u00fd servis a v\u0161etky poplatky hrad\u00ed hos\u0165 zodpovedn\u00fd za rezerv\u00e1ciu.<\/p>\n<p style=\"text-align: left;\">V celom objekte plat\u00ed v interi\u00e9r pr\u00edsny z\u00e1kaz faj\u010denia. Na faj\u010denie pros\u00edm pou\u017eite cigarov sal\u00f3nik a terasu.<\/p>\n<p style=\"text-align: left;\">V alt\u00e1nku sa nach\u00e1dza \u0161amotov\u00e1 pec, ktor\u00e1 sa v spodnej \u010dasti zapa\u013euje drevom (ulo\u017een\u00fdm pod \u0148ou) a treba ju zahrieva\u0165 postupne. Pri z\u00e1ujme je mo\u017enos\u0165 varenia gul\u00e1\u0161u, pr\u00edpadne inej polievky v kotl\u00edku. Pros\u00edm V\u00e1s o pou\u017e\u00edvanie vyhraden\u00e9ho miesta na varenie. V alt\u00e1nku sa takisto nach\u00e1dzaj\u00fa aj pek\u00e1\u010de ur\u010den\u00e9 na pec, pr\u00edbory, taniere a poh\u00e1re. Pros\u00edm nepou\u017e\u00edva\u0165 tie z kuchyne. Pokia\u013e nepl\u00e1nujete grilova\u0165 viac kr\u00e1t, \u0161pinav\u00e9 riady V\u00e1s popros\u00edme necha\u0165 v alt\u00e1nku alebo v um\u00fdvadle.<\/p>\n<p style=\"text-align: left;\">Pri vstupoch do cigarov\u00e9ho sal\u00f3niku, wellness, kuchyne a fitness sa nach\u00e1dzaj\u00fa sklenen\u00e9 dvere. Berte pros\u00edm na to oh\u013ead pri manipul\u00e1ci\u00ed.<\/p>\n<p style=\"text-align: left;\">V\u00e1\u017een\u00ed hostia, chceme V\u00e1s informova\u0165, \u017ee objekt je vybaven\u00fd bezpe\u010dnostn\u00fdm a kamerov\u00fdm syst\u00e9mom, ktor\u00fd sl\u00fa\u017ei v\u00fdlu\u010dne pre Va\u0161e bezpe\u010die a v pr\u00edpade po\u0161kodenia majetku<\/p>\n<p style=\"text-align: left;\">V prednej \u010dasti na parkovisku sa nach\u00e1dzaj\u00fa kontajneri. Pokia\u013e vyprodukujete viac odpadu, pros\u00edme V\u00e1s vyhodi\u0165 ho na miesto na\u0148 ur\u010den\u00e9, aby nebol odpad niekde vo\u013ene pohoden\u00fd kv\u00f4li div\u00edm zvierat\u00e1m. Ak ho je menej, samozrejme ho odpraceme my.\u00a0<\/p>\n<p style=\"text-align: left;\">V\u00e1\u017een\u00ed hostia, berte pros\u00edm na vedomie, \u017ee pri extr\u00e9mnom zne\u010disten\u00ed n\u00e1bytku a vily, V\u00e1m budeme \u00fa\u010dtova\u0165 poplatok a\u017e do v\u00fd\u0161ky 500 \u20ac.<\/p>","protected":false},"excerpt":{"rendered":"<p>Wellnes, fitness a cigarov\u00fd sal\u00f3nik Pred pou\u017eit\u00edm v\u00edrivky odstr\u00e1\u0148te kryt, ktor\u00fd jednoducho zlo\u017e\u00edte a opriete o zadn\u00fa \u010das\u0165 pr\u00edstre\u0161ku. Po pou\u017eit\u00ed v\u00edrivky je nutn\u00e9 kryt op\u00e4\u0165 vr\u00e1ti\u0165 sp\u00e4\u0165, pred\u00eddete t\u00fdm ochladeniu vody. V\u00edrivka je prednastaven\u00e1 a plne automatick\u00e1 a \u017eiadame V\u00e1s na ovl\u00e1da\u010di pou\u017e\u00edva\u0165 v\u00fdlu\u010dne tla\u010didlo zapnutia trysiek a svetla. V skrini pri v\u00edrivkesa nach\u00e1dzaj\u00fa &hellip; <\/p>\n<p class=\"link-more\"><a href=\"https:\/\/vilalampasik.sk\/?page_id=289\" class=\"more-link\">Continue reading<span class=\"screen-reader-text\"> &#8222;VOP&#8220;<\/span><\/a><\/p>\n","protected":false},"author":1,"featured_media":0,"parent":0,"menu_order":7,"comment_status":"closed","ping_status":"closed","template":"","meta":{"footnotes":""},"class_list":["post-289","page","type-page","status-publish","hentry"],"_links":{"self":[{"href":"https:\/\/vilalampasik.sk\/index.php?rest_route=\/wp\/v2\/pages\/289"}],"collection":[{"href":"https:\/\/vilalampasik.sk\/index.php?rest_route=\/wp\/v2\/pages"}],"about":[{"href":"https:\/\/vilalampasik.sk\/index.php?rest_route=\/wp\/v2\/types\/page"}],"author":[{"embeddable":true,"href":"https:\/\/vilalampasik.sk\/index.php?rest_route=\/wp\/v2\/users\/1"}],"replies":[{"embeddable":true,"href":"https:\/\/vilalampasik.sk\/index.php?rest_route=%2Fwp%2Fv2%2Fcomments&post=289"}],"version-history":[{"count":57,"href":"https:\/\/vilalampasik.sk\/index.php?rest_route=\/wp\/v2\/pages\/289\/revisions"}],"predecessor-version":[{"id":1677,"href":"https:\/\/vilalampasik.sk\/index.php?rest_route=\/wp\/v2\/pages\/289\/revisions\/1677"}],"wp:attachment":[{"href":"https:\/\/vilalampasik.sk\/index.php?rest_route=%2Fwp%2Fv2%2Fmedia&parent=289"}],"curies":[{"name":"wp","href":"https:\/\/api.w.org\/{rel}","templated":true}]}}