{"id":25,"date":"2021-08-12T20:06:23","date_gmt":"2021-08-12T18:06:23","guid":{"rendered":"https:\/\/vilalampasik.sk\/?page_id=25"},"modified":"2022-10-07T13:42:25","modified_gmt":"2022-10-07T11:42:25","slug":"o-nas","status":"publish","type":"page","link":"https:\/\/vilalampasik.sk\/?page_id=25","title":{"rendered":"Vila Lamp\u00e1\u0161ik"},"content":{"rendered":"<p><\/p>\n<p style=\"text-align: left;\"><b>Vila Lamp\u00e1\u0161ik sa nach\u00e1dza v jednom z najzn\u00e1mej\u0161\u00edch stred\u00edsk &#8211; Donovaly<\/b><\/p>\n<hr \/>\n<p style=\"text-align: left;\">Srde\u010dne V\u00e1s poz\u00fdvame na v\u00fdnimo\u010dn\u00fd pobyt do na\u0161ej \u00faplne novo zrekon\u0161truovanej Vily Lamp\u00e1\u0161ik, ktor\u00e1 sa nach\u00e1dza v ob\u013e\u00fabenom a turistami vyh\u013ead\u00e1vanom stredisku Donovaly. Fantastick\u00e1 poloha v tichej lokalite v bezprostrednej bl\u00edzkosti lesa, \u010faleko od hotelov\u00fdch rezortov, V\u00e1m zaist\u00ed pokojn\u00fa dovolenku pln\u00fa pohody, relaxu a neru\u0161en\u00fa z\u00e1bavu. \u010eal\u0161\u00edm bonusom je wellness v podobe troch s\u00e1un, v\u00edrivky a ochladzovacej kade. Na\u0161e ubytovanie je vhodn\u00e9 pre v\u00e4\u010d\u0161ie rodiny a skupinky priate\u013eov, ktor\u00ed si chc\u00fa u\u017ei\u0165 spolo\u010dn\u00fa dovolenku v kr\u00e1snom prostred\u00ed N\u00edzkych Tatier, ktor\u00e9 je ide\u00e1lnym miestom na rodinn\u00e9 oslavy, teambuildingy i men\u0161ie svadby.<\/p>\n<p style=\"text-align: left;\">Celoro\u010dne V\u00e1m ponuk\u00e1me modern\u00e9 a \u0161t\u00fdlov\u00e9 ubytovanie s celkovou kapacitou 17 &#8211; 19 l\u00f4\u017eok. \u010cas s rodinou a priate\u013emi budete tr\u00e1vi\u0165 vo ve\u013ekej spolo\u010denskej miestnosti, kde V\u00e1m pr\u00edjemn\u00fa atmosf\u00e9ru navod\u00ed ohe\u0148 praskaj\u00faci v krbe. Ob\u00fdvacia miestnos\u0165 disponuje ve\u013ek\u00fdm TV s mo\u017enos\u0165ou sledovania Netflixu&#8230;, pripojenie PS 5. Cel\u00e1 Vila je pokryt WI &#8211; FI pripojen\u00edm. Modern\u00e1 kuchy\u0148a disponuje v\u0161etk\u00fdmi modern\u00fdmi spotrebi\u010dmi vr\u00e1tane profesion\u00e1lneho automatick\u00e9ho k\u00e1vovaru a um\u00fdva\u010dky riadu. Vila Lamp\u00e1\u0161ik je Pet friendly, samozrejme v pr\u00edpade v\u00fdrazn\u00e9ho zne\u010distenia V\u00e1m za\u00fa\u010dtujeme extra poplatok.<\/p>\n<p style=\"text-align: left;\">No\u010dn\u00e1 \u010das\u0165 pozost\u00e1va zo siedmych 2 &#8211; l\u00f4\u017ekov\u00fdch izieb a jedn\u00e9ho apartm\u00e1nu. S\u00fa\u010das\u0165ou ka\u017edej sp\u00e1lne je telev\u00edzor a priestrann\u00e1 k\u00fape\u013e\u0148a so sprchovac\u00edm k\u00fatom a toaletou. Pre pocit v\u00e4\u010d\u0161ieho komfortu, m\u00e1te k dispoz\u00edcii hygienick\u00e9 vybavenie, uter\u00e1ky a \u017eupany s\u00fa samozrejmos\u0165ou. V pr\u00edpade, \u017ee k n\u00e1m zav\u00edtate s mal\u00fdm die\u0165a\u0165om, radi V\u00e1m zapo\u017ei\u010diame detsk\u00fa postie\u013eku a detsk\u00fa jed\u00e1lensk\u00fa stoli\u010dku. Slne\u010dn\u00e9 dni tr\u00e1vte na terase s vonkaj\u0161\u00edm poseden\u00edm, pr\u00edpadne v plne vybavenom krytom alt\u00e1nku, kde sa nach\u00e1dza \u0161amotov\u00e1 pec a elektrick\u00fd gril. V zadnej \u010dasti n\u00e1jdete \u0161t\u00fdlov\u00fd uzavre\u00fd a vyhrievan\u00fd &#8222;cigarov\u00fd&#8220; sal\u00f3nik. Zorganizujte si s rodinou z\u00e1hradn\u00fa p\u00e1rty a ope\u010dte si \u0161\u0165avnat\u00fa krkovi\u010dku \u010di lahodn\u00e9 rebierka na grile. K dokonal\u00e9mu relaxu du\u0161e i tela vyu\u017eite n\u00e1\u0161 wellness. Do\u017ei\u010dte si blahod\u00e1rne \u00fa\u010dinky f\u00ednskej sauny, infrasauny a bio sauny, ktor\u00e9 nakopn\u00fa Va\u0161u imunitu a zahrej\u00fa Va\u0161e bo\u013eav\u00e9 k\u013aby. Na romantiku vo dvojici je ako stvoren\u00e1 v\u00edrivka. Na \u013eahk\u00fd tr\u00e9ning sl\u00fa\u017ei fitness centrum.<\/p>\n<p style=\"text-align: left;\">Na\u0161e ubytovanie neposkytuje re\u0161taura\u010dn\u00e9 slu\u017eby, ale v pr\u00edpade z\u00e1ujmu V\u00e1m ich vieme externe s rados\u0165ou spostredkova\u0165.\u00a0<\/p>\n<p style=\"text-align: left;\">A ak\u00e9 atrakcie pon\u00faka okolie? V letnom obdob\u00ed si skvel\u00fa z\u00e1bavu u\u017eijete na Bobovej dr\u00e1he Fun Ar\u00e9na Donovaly a na outdoorovom ihrisku Fun Ar\u00e9na. Odpor\u00fa\u010dame V\u00e1m nav\u0161t\u00edvi\u0165 aj rozpr\u00e1vkov\u00fa dedinku Pavla Dob\u0161insk\u00e9ho &#8211; Habakuky. Deti\u010dky si m\u00f4\u017eu vysk\u00fa\u0161a\u0165 svet ve\u013ek\u00fdch v unik\u00e1tnom meste\u010dku Donovalkovo. V Liptovskej Osade sa nach\u00e1dza ob\u013e\u00faben\u00fd Rezort Gothal, v ktorom si okrem vodn\u00fdch radov\u00e1nok u\u017eijete aj welllness a \u0161portov\u00e9 aktivity. Ak m\u00e1te radi turistiku, vydajte sa na t\u00faru k Partiz\u00e1nskemu bunkru Mor ho! alebo objavte kr\u00e1sy N\u00e1rodn\u00e9ho parku Ve\u013ek\u00e1 Fatra.<\/p>\n<p style=\"text-align: left;\">Za n\u00e1v\u0161tevu stoj\u00ed aj Harmaneck\u00e1 jasky\u0148a, ktor\u00e1 V\u00e1s o\u010dar\u00ed svojou bielou v\u00e1pencovou v\u00fdzdobou. Po\u010das zimnej sez\u00f3ny si par\u00e1ne zaly\u017eujete priamo v ly\u017eiarskom stredisku PARK SNOW Donovaly.<\/p>https:\/\/www.youtube.com\/watch?v=KZRuzs6-hIY\t\t\n\t\t\t\t\t<a href=\"https:\/\/www.facebook.com\/vilalampasik\" target=\"_blank\" rel=\"noopener\">\n\t\t\t\t\t\tFacebook\n\t\t\t\t\t\t\t\t\t\t\t<\/a>\n\t\t\t\t\t<a href=\"https:\/\/www.instagram.com\/vila_lampasik\/\" target=\"_blank\" rel=\"noopener\">\n\t\t\t\t\t\tInstagram\n\t\t\t\t\t\t\t\t\t\t\t<\/a>","protected":false},"excerpt":{"rendered":"<p>Vila Lamp\u00e1\u0161ik sa nach\u00e1dza v jednom z najzn\u00e1mej\u0161\u00edch stred\u00edsk &#8211; Donovaly Srde\u010dne V\u00e1s poz\u00fdvame na v\u00fdnimo\u010dn\u00fd pobyt do na\u0161ej \u00faplne novo zrekon\u0161truovanej Vily Lamp\u00e1\u0161ik, ktor\u00e1 sa nach\u00e1dza v ob\u013e\u00fabenom a turistami vyh\u013ead\u00e1vanom stredisku Donovaly. Fantastick\u00e1 poloha v tichej lokalite v bezprostrednej bl\u00edzkosti lesa, \u010faleko od hotelov\u00fdch rezortov, V\u00e1m zaist\u00ed pokojn\u00fa dovolenku pln\u00fa pohody, relaxu a &hellip; <\/p>\n<p class=\"link-more\"><a href=\"https:\/\/vilalampasik.sk\/?page_id=25\" class=\"more-link\">Continue reading<span class=\"screen-reader-text\"> &#8222;Vila Lamp\u00e1\u0161ik&#8220;<\/span><\/a><\/p>\n","protected":false},"author":1,"featured_media":0,"parent":0,"menu_order":1,"comment_status":"closed","ping_status":"closed","template":"","meta":{"footnotes":""},"class_list":["post-25","page","type-page","status-publish","hentry"],"_links":{"self":[{"href":"https:\/\/vilalampasik.sk\/index.php?rest_route=\/wp\/v2\/pages\/25"}],"collection":[{"href":"https:\/\/vilalampasik.sk\/index.php?rest_route=\/wp\/v2\/pages"}],"about":[{"href":"https:\/\/vilalampasik.sk\/index.php?rest_route=\/wp\/v2\/types\/page"}],"author":[{"embeddable":true,"href":"https:\/\/vilalampasik.sk\/index.php?rest_route=\/wp\/v2\/users\/1"}],"replies":[{"embeddable":true,"href":"https:\/\/vilalampasik.sk\/index.php?rest_route=%2Fwp%2Fv2%2Fcomments&post=25"}],"version-history":[{"count":143,"href":"https:\/\/vilalampasik.sk\/index.php?rest_route=\/wp\/v2\/pages\/25\/revisions"}],"predecessor-version":[{"id":1777,"href":"https:\/\/vilalampasik.sk\/index.php?rest_route=\/wp\/v2\/pages\/25\/revisions\/1777"}],"wp:attachment":[{"href":"https:\/\/vilalampasik.sk\/index.php?rest_route=%2Fwp%2Fv2%2Fmedia&parent=25"}],"curies":[{"name":"wp","href":"https:\/\/api.w.org\/{rel}","templated":true}]}}