{"id":23,"date":"2021-08-12T16:18:36","date_gmt":"2021-08-12T14:18:36","guid":{"rendered":"https:\/\/vilalampasik.sk\/?page_id=23"},"modified":"2022-10-07T13:15:44","modified_gmt":"2022-10-07T11:15:44","slug":"uvod","status":"publish","type":"page","link":"https:\/\/vilalampasik.sk\/","title":{"rendered":"\u00davod"},"content":{"rendered":"<p>Dovo\u013eujeme si V\u00e1m predstavi\u0165 Luxusn\u00fa vilu s\u00a0vlastn\u00fdm SPA v\u00a0lone pr\u00edrody v\u00a0tesnej bl\u00edzkosti lesa a\u00a0potoka. Na\u0161a Vila disponuje kapacitou 17 \u2013 19 miest na spanie v\u00a0celkovo 8 izb\u00e1ch vr\u00e1tane apartm\u00e1nu. Sme ide\u00e1lnou vo\u013ebou pre rodinn\u00e9 akcie, stretnutie priate\u013eov a\u00a0firemn\u00e9 ve\u010dierky, preto\u017ee svojou polohou a\u00a0vybaven\u00edm pon\u00fakame ni\u010d\u00edm neru\u0161en\u00fd pobyt. https:\/\/www.youtube.com\/watch?v=KZRuzs6-hIY\t\t<\/p>\n<h5>Vlastn\u00e9 SPA (3 sauny, v\u00edrivka, ochladzovacia ka\u010fa, odpo\u010d\u00edv\u00e1re\u0148)<br \/>\nDetsk\u00e9 ihrisko (ohraden\u00e9)<br \/>\nOb\u00fdvacia izba s krbom, TV, PSP 5<br \/>\nPlne vybaven\u00fd alt\u00e1nok so \u0161amotovou pecou, elektrick\u00fd gril, kotl\u00edk na varenie gul\u00e1\u0161a<br \/>\nJedine\u010dn\u00fd cigarov\u00fd sal\u00f3nik<br \/>\nVeranda s pr\u00edjemn\u00fdm poseden\u00edm<br \/>\nOhnisko<br \/><\/h5>\n<h5>\n<h5 style=\"line-height: 1px; font-size: 18px; white-space: normal;\"><img decoding=\"async\" src=\"http:\/\/vilalampasik.sk\/wp-content\/uploads\/2021\/08\/internetnetworkroutersignalwifiwirelessicon-1320161598502600748_32.png\" alt=\"Image\">&nbsp;WiFi<\/p>\n<p><img decoding=\"async\" src=\"http:\/\/vilalampasik.sk\/wp-content\/uploads\/2021\/08\/Paw.png\" alt=\"Image\">&nbsp;Pet friendly<\/p>\n<p><img decoding=\"async\" src=\"http:\/\/vilalampasik.sk\/wp-content\/uploads\/2021\/08\/Parking.png\" alt=\"Image\">&nbsp;S\u00fakromn\u00e9 parkovanie<\/p>\n<p><font face=\"Crimson Text\">&nbsp; &nbsp; &nbsp; &nbsp; &nbsp;<\/font><\/p>\n<p><font face=\"Crimson Text\">&nbsp; &nbsp; &nbsp; &nbsp;&nbsp;<\/font><br \/><font face=\"Crimson Text\">&nbsp; &nbsp; &nbsp; &nbsp; Netflix<\/font><\/h5>\n<\/h5>\n<h2>Kde n\u00e1s n\u00e1jdete?<\/h2>\n<p>\t\t\t<iframe frameborder=\"0\" scrolling=\"no\" marginheight=\"0\" marginwidth=\"0\"\n\t\t\t\t\tsrc=\"https:\/\/maps.google.com\/maps?q=Slia%C4%8Dany%20639&#038;t=m&#038;z=10&#038;output=embed&#038;iwloc=near\"\n\t\t\t\t\ttitle=\"Slia\u010dany 639\"\n\t\t\t\t\taria-label=\"Slia\u010dany 639\"\n\t\t\t><\/iframe><br \/>\n\t\t\t\t\t<a href=\"https:\/\/www.facebook.com\/vilalampasik\" target=\"_blank\" rel=\"noopener\"><br \/>\n\t\t\t\t\t\tFacebook<br \/>\n\t\t\t\t\t\t\t\t\t\t\t<\/a><br \/>\n\t\t\t\t\t<a href=\"https:\/\/www.instagram.com\/vila_lampasik\/\" target=\"_blank\" rel=\"noopener\"><br \/>\n\t\t\t\t\t\tInstagram<br \/>\n\t\t\t\t\t\t\t\t\t\t\t<\/a><\/p>\n","protected":false},"excerpt":{"rendered":"<p>Dovo\u013eujeme si V\u00e1m predstavi\u0165 Luxusn\u00fa vilu s\u00a0vlastn\u00fdm SPA v\u00a0lone pr\u00edrody v\u00a0tesnej bl\u00edzkosti lesa a\u00a0potoka. Na\u0161a Vila disponuje kapacitou 17 \u2013 19 miest na spanie v\u00a0celkovo 8 izb\u00e1ch vr\u00e1tane apartm\u00e1nu. Sme ide\u00e1lnou vo\u013ebou pre rodinn\u00e9 akcie, stretnutie priate\u013eov a\u00a0firemn\u00e9 ve\u010dierky, preto\u017ee svojou polohou a\u00a0vybaven\u00edm pon\u00fakame ni\u010d\u00edm neru\u0161en\u00fd pobyt. https:\/\/www.youtube.com\/watch?v=KZRuzs6-hIY Vlastn\u00e9 SPA (3 sauny, v\u00edrivka, ochladzovacia ka\u010fa, &hellip; <\/p>\n<p class=\"link-more\"><a href=\"https:\/\/vilalampasik.sk\/\" class=\"more-link\">Continue reading<span class=\"screen-reader-text\"> &#8222;\u00davod&#8220;<\/span><\/a><\/p>\n","protected":false},"author":1,"featured_media":0,"parent":0,"menu_order":0,"comment_status":"closed","ping_status":"closed","template":"page-template\/home-page.php","meta":{"footnotes":""},"class_list":["post-23","page","type-page","status-publish","hentry"],"_links":{"self":[{"href":"https:\/\/vilalampasik.sk\/index.php?rest_route=\/wp\/v2\/pages\/23"}],"collection":[{"href":"https:\/\/vilalampasik.sk\/index.php?rest_route=\/wp\/v2\/pages"}],"about":[{"href":"https:\/\/vilalampasik.sk\/index.php?rest_route=\/wp\/v2\/types\/page"}],"author":[{"embeddable":true,"href":"https:\/\/vilalampasik.sk\/index.php?rest_route=\/wp\/v2\/users\/1"}],"replies":[{"embeddable":true,"href":"https:\/\/vilalampasik.sk\/index.php?rest_route=%2Fwp%2Fv2%2Fcomments&post=23"}],"version-history":[{"count":460,"href":"https:\/\/vilalampasik.sk\/index.php?rest_route=\/wp\/v2\/pages\/23\/revisions"}],"predecessor-version":[{"id":1769,"href":"https:\/\/vilalampasik.sk\/index.php?rest_route=\/wp\/v2\/pages\/23\/revisions\/1769"}],"wp:attachment":[{"href":"https:\/\/vilalampasik.sk\/index.php?rest_route=%2Fwp%2Fv2%2Fmedia&parent=23"}],"curies":[{"name":"wp","href":"https:\/\/api.w.org\/{rel}","templated":true}]}}